{"id":3386,"date":"2019-07-30T13:04:09","date_gmt":"2019-07-30T13:04:09","guid":{"rendered":"https:\/\/athlongym.gr\/contact\/"},"modified":"2025-11-06T15:18:38","modified_gmt":"2025-11-06T15:18:38","slug":"contact","status":"publish","type":"page","link":"https:\/\/athlongym.gr\/fr\/contact\/","title":{"rendered":"CONTACT"},"content":{"rendered":"\n<p style=\"font-size:28px\">Vous avez des questions, vous souhaitez prendre rendez-vous ou d\u00e9couvrir Athlon en personne ?<br\/>Envoyez-nous un message ou appelez-nous &#8211; notre \u00e9quipe est l\u00e0 pour vous aider \u00e0 franchir la prochaine \u00e9tape de votre parcours fitness et bien-\u00eatre.<\/p>\n\n<p style=\"font-size:28px\"><\/p>\n\n<iframe src=\"https:\/\/www.google.com\/maps\/embed?pb=!1m18!1m12!1m3!1d3363.182169234523!2d24.4076414!3d40.939561999999995!2m3!1f0!2f0!3f0!3m2!1i1024!2i768!4f13.1!3m3!1m2!1s0x14aebb729c0a6417%3A0xf5047f23271e760c!2sAthlon!5e1!3m2!1sel!2sgr!4v1762436779693!5m2!1sel!2sgr\" width=\"600\" height=\"450\" style=\"border:0;\" allowfullscreen=\"\" loading=\"lazy\" referrerpolicy=\"no-referrer-when-downgrade\"><\/iframe>\n\n<p class=\"contact-info\"><strong>Adresse :<\/strong> <a href=\"https:\/\/www.google.com\/maps\/place\/\/data=!4m2!3m1!1s0x14aebb729c0a6417:0xf5047f23271e760c?sa=X&amp;ved=1t:8290&amp;ictx=111\" target=\"_blank\" rel=\"noreferrer noopener\">28 rue Dagli, Kavala 654 03<\/a><br\/><strong>T\u00e9l. :<\/strong> <a href=\"https:\/\/www.google.com\/search?client=firefox-b-d&amp;q=athlon+gym#\" target=\"_blank\" rel=\"noopener\">251 083 3000<\/a><br\/><strong>E-mail :<\/strong> <a href=\"mailto:info@athlongym.gr\" data-type=\"mailto\" data-id=\"mailto:info@athlongym.gr\" target=\"_blank\" rel=\"noreferrer noopener\">info@athlongym.gr<\/a><\/p>\n\n<div class=\"wp-block-contact-form-7-contact-form-selector\">\n<div class=\"wpcf7 no-js\" id=\"wpcf7-f3450-o1\" lang=\"fr-FR\" dir=\"ltr\" data-wpcf7-id=\"3450\">\n<div class=\"screen-reader-response\"><p role=\"status\" aria-live=\"polite\" aria-atomic=\"true\"><\/p> <ul><\/ul><\/div>\n<form action=\"\/fr\/wp-json\/wp\/v2\/pages\/3386#wpcf7-f3450-o1\" method=\"post\" class=\"wpcf7-form init\" aria-label=\"Formulaire de contact\" novalidate=\"novalidate\" data-status=\"init\">\n<fieldset class=\"hidden-fields-container\"><input type=\"hidden\" name=\"_wpcf7\" value=\"3450\" \/><input type=\"hidden\" name=\"_wpcf7_version\" value=\"6.1.3\" \/><input type=\"hidden\" name=\"_wpcf7_locale\" value=\"fr_FR\" \/><input type=\"hidden\" name=\"_wpcf7_unit_tag\" value=\"wpcf7-f3450-o1\" \/><input type=\"hidden\" name=\"_wpcf7_container_post\" value=\"0\" \/><input type=\"hidden\" name=\"_wpcf7_posted_data_hash\" value=\"\" \/>\n<\/fieldset>\n<p><label> Votre nom<br \/>\n<span class=\"wpcf7-form-control-wrap\" data-name=\"your-name\"><input size=\"40\" maxlength=\"400\" class=\"wpcf7-form-control wpcf7-text wpcf7-validates-as-required\" autocomplete=\"name\" aria-required=\"true\" aria-invalid=\"false\" value=\"\" type=\"text\" name=\"your-name\" \/><\/span> <\/label>\n<\/p>\n<p><label> Votre courriel<br \/>\n<span class=\"wpcf7-form-control-wrap\" data-name=\"your-email\"><input size=\"40\" maxlength=\"400\" class=\"wpcf7-form-control wpcf7-email wpcf7-validates-as-required wpcf7-text wpcf7-validates-as-email\" autocomplete=\"email\" aria-required=\"true\" aria-invalid=\"false\" value=\"\" type=\"email\" name=\"your-email\" \/><\/span> <\/label>\n<\/p>\n<p><label> Votre message (facultatif)<br \/>\n<span class=\"wpcf7-form-control-wrap\" data-name=\"your-message\"><textarea cols=\"40\" rows=\"10\" maxlength=\"2000\" class=\"wpcf7-form-control wpcf7-textarea\" aria-invalid=\"false\" name=\"your-message\"><\/textarea><\/span> <\/label>\n<\/p>\n<p><input class=\"wpcf7-form-control wpcf7-submit has-spinner\" type=\"submit\" value=\"Envoyer un message\" \/>\n<\/p><div class=\"wpcf7-response-output\" aria-hidden=\"true\"><\/div>\n<\/form>\n<\/div>\n<\/div>\n","protected":false},"excerpt":{"rendered":"<p>Vous avez des questions, vous souhaitez prendre rendez-vous ou d\u00e9couvrir Athlon en personne ?Envoyez-nous un message ou appelez-nous &#8211; notre \u00e9quipe est l\u00e0 pour vous aider \u00e0 franchir la prochaine \u00e9tape de votre parcours fitness et bien-\u00eatre. Adresse : 28 rue Dagli, Kavala 654 03T\u00e9l. : 251 083 3000E-mail : info@athlongym.gr<\/p>\n<p><a class=\"moretag\" href=\"https:\/\/athlongym.gr\/fr\/contact\/\">Read more<\/a><\/p>\n","protected":false},"author":1,"featured_media":3385,"parent":0,"menu_order":0,"comment_status":"closed","ping_status":"closed","template":"templates\/page-contact.php","meta":{"footnotes":""},"class_list":["post-3386","page","type-page","status-publish","has-post-thumbnail","hentry"],"_links":{"self":[{"href":"https:\/\/athlongym.gr\/fr\/wp-json\/wp\/v2\/pages\/3386","targetHints":{"allow":["GET"]}}],"collection":[{"href":"https:\/\/athlongym.gr\/fr\/wp-json\/wp\/v2\/pages"}],"about":[{"href":"https:\/\/athlongym.gr\/fr\/wp-json\/wp\/v2\/types\/page"}],"author":[{"embeddable":true,"href":"https:\/\/athlongym.gr\/fr\/wp-json\/wp\/v2\/users\/1"}],"replies":[{"embeddable":true,"href":"https:\/\/athlongym.gr\/fr\/wp-json\/wp\/v2\/comments?post=3386"}],"version-history":[{"count":1,"href":"https:\/\/athlongym.gr\/fr\/wp-json\/wp\/v2\/pages\/3386\/revisions"}],"predecessor-version":[{"id":3389,"href":"https:\/\/athlongym.gr\/fr\/wp-json\/wp\/v2\/pages\/3386\/revisions\/3389"}],"wp:featuredmedia":[{"embeddable":true,"href":"https:\/\/athlongym.gr\/fr\/wp-json\/wp\/v2\/media\/3385"}],"wp:attachment":[{"href":"https:\/\/athlongym.gr\/fr\/wp-json\/wp\/v2\/media?parent=3386"}],"curies":[{"name":"wp","href":"https:\/\/api.w.org\/{rel}","templated":true}]}}