{"id":3376,"date":"2019-07-30T09:19:15","date_gmt":"2019-07-30T09:19:15","guid":{"rendered":"https:\/\/athlongym.gr\/a-propos-de-nous\/"},"modified":"2025-11-06T15:17:55","modified_gmt":"2025-11-06T15:17:55","slug":"a-propos-de-nous","status":"publish","type":"page","link":"https:\/\/athlongym.gr\/fr\/a-propos-de-nous\/","title":{"rendered":"\u00c0 PROPOS DE NOUS"},"content":{"rendered":"\n<p class=\"has-large-font-size\">Depuis 1992, Athlon est une r\u00e9f\u00e9rence en mati\u00e8re de fitness et de bien-\u00eatre \u00e0 Kavala.<\/p>\n\n<hr class=\"wp-block-separator has-css-opacity\"\/>\n\n<p>Depuis 1992, Athlon est une r\u00e9f\u00e9rence en mati\u00e8re de fitness et de bien-\u00eatre \u00e0 Kavala. N\u00e9 d&rsquo;une vision : cr\u00e9er un lieu o\u00f9 l&rsquo;exercice physique est un v\u00e9ritable mode de vie. Aujourd&rsquo;hui, nous sommes devenus une salle de sport enti\u00e8rement \u00e9quip\u00e9e de 1 500 m\u00b2 en plein centre-ville, au 28 rue Dagkli, avec quatre \u00e9tages d\u00e9di\u00e9s \u00e0 la sant\u00e9, la force et la forme physique.<\/p>\n\n<p>Notre philosophie repose sur une approche personnalis\u00e9e : nous croyons que chaque personne est diff\u00e9rente, avec des besoins et un rythme uniques. C\u2019est pourquoi chaque programme d\u2019entra\u00eenement est soigneusement con\u00e7u, en tenant compte du niveau, des objectifs et de la morphologie de chaque membre. Notre objectif est de vous accompagner avec s\u00e9curit\u00e9, connaissances et motivation pour am\u00e9liorer votre condition physique ainsi que votre qualit\u00e9 de vie globale.<\/p>\n\n<p>Athlon propose des \u00e9quipements ultramodernes provenant de grandes marques et offre un confort et une esth\u00e9tique qui inspirent. Des salles de r\u00e9union avec vue sur la ville aux espaces d&rsquo;entra\u00eenement sp\u00e9cialement con\u00e7us, chaque d\u00e9tail a \u00e9t\u00e9 pens\u00e9 pour rendre votre exp\u00e9rience unique.<\/p>\n\n<p>Notre \u00e9quipe est compos\u00e9e exclusivement de professeurs d&rsquo;\u00e9ducation physique, poss\u00e9dant de nombreuses ann\u00e9es d&rsquo;exp\u00e9rience et suivant une formation continue. Ils sont toujours l\u00e0 pour vous soutenir, vous guider et vous aider \u00e0 repousser vos limites en toute s\u00e9curit\u00e9 et en toute confiance.<\/p>\n\n<p>Plus qu&rsquo;une salle de sport, Athlon est une communaut\u00e9 de personnes qui aiment bouger et croient au pouvoir de la r\u00e9gularit\u00e9. Ici, chaque s\u00e9ance d&rsquo;entra\u00eenement est un pas de plus vers une meilleure version de vous-m\u00eame : plus fort, plus sain, plus \u00e9nergique.<\/p>\n\n<h2 class=\"wp-block-heading\">Services<\/h2>\n\n<ul class=\"wp-block-list\">\n<li>Chez Athlon, vous trouverez une gamme compl\u00e8te de services qui couvrent tous vos besoins en mati\u00e8re d&rsquo;exercice et de r\u00e9adaptation physique :<\/li>\n\n\n\n<li>Entra\u00eenement personnel : un accompagnement personnalis\u00e9 pour des r\u00e9sultats optimaux.<\/li>\n\n\n\n<li>Formations de groupe \/ Programmes de groupe : cours pour tous les niveaux, avec des formateurs exp\u00e9riment\u00e9s.<\/li>\n\n\n\n<li>Pr\u00e9paration physique \/ Musculation : programmes de renforcement et de tonification pour un corps sculpt\u00e9 et une endurance accrue.<\/li>\n\n\n\n<li>Exercices correctifs \/ Entra\u00eenement correctif : exercices sp\u00e9cialis\u00e9s pour une posture et des mouvements corrects.<\/li>\n\n\n\n<li>Formation en pr\u00e9vention et r\u00e9adaptation des blessures : pr\u00e9vention des blessures et renforcement apr\u00e8s la convalescence.<\/li>\n\n\n\n<li>Cardio et endurance : entra\u00eenement pour am\u00e9liorer l&rsquo;endurance et la sant\u00e9 cardiorespiratoire.<\/li>\n\n\n\n<li>Pr\u00e9paration physique et entra\u00eenement de performance des athl\u00e8tes : programmes con\u00e7us pour les athl\u00e8tes visant une condition physique optimale.<\/li>\n\n\n\n<li>Chez Athlon, l&rsquo;exercice physique devient une exp\u00e9rience.<br\/>Venez d\u00e9couvrir l&rsquo;espace, l&rsquo;\u00e9quipe et la philosophie qui, depuis trois d\u00e9cennies, font la diff\u00e9rence.<\/li>\n<\/ul>\n","protected":false},"excerpt":{"rendered":"<p>Depuis 1992, Athlon est une r\u00e9f\u00e9rence en mati\u00e8re de fitness et de bien-\u00eatre \u00e0 Kavala. Depuis 1992, Athlon est une r\u00e9f\u00e9rence en mati\u00e8re de fitness et de bien-\u00eatre \u00e0 Kavala. N\u00e9 d&rsquo;une vision : cr\u00e9er un lieu o\u00f9 l&rsquo;exercice physique est un v\u00e9ritable mode de vie. Aujourd&rsquo;hui, nous sommes devenus une salle de sport enti\u00e8rement [&hellip;]<\/p>\n<p><a class=\"moretag\" href=\"https:\/\/athlongym.gr\/fr\/a-propos-de-nous\/\">Read more<\/a><\/p>\n","protected":false},"author":1,"featured_media":3375,"parent":0,"menu_order":0,"comment_status":"closed","ping_status":"closed","template":"","meta":{"footnotes":""},"class_list":["post-3376","page","type-page","status-publish","has-post-thumbnail","hentry"],"_links":{"self":[{"href":"https:\/\/athlongym.gr\/fr\/wp-json\/wp\/v2\/pages\/3376","targetHints":{"allow":["GET"]}}],"collection":[{"href":"https:\/\/athlongym.gr\/fr\/wp-json\/wp\/v2\/pages"}],"about":[{"href":"https:\/\/athlongym.gr\/fr\/wp-json\/wp\/v2\/types\/page"}],"author":[{"embeddable":true,"href":"https:\/\/athlongym.gr\/fr\/wp-json\/wp\/v2\/users\/1"}],"replies":[{"embeddable":true,"href":"https:\/\/athlongym.gr\/fr\/wp-json\/wp\/v2\/comments?post=3376"}],"version-history":[{"count":1,"href":"https:\/\/athlongym.gr\/fr\/wp-json\/wp\/v2\/pages\/3376\/revisions"}],"predecessor-version":[{"id":3379,"href":"https:\/\/athlongym.gr\/fr\/wp-json\/wp\/v2\/pages\/3376\/revisions\/3379"}],"wp:featuredmedia":[{"embeddable":true,"href":"https:\/\/athlongym.gr\/fr\/wp-json\/wp\/v2\/media\/3375"}],"wp:attachment":[{"href":"https:\/\/athlongym.gr\/fr\/wp-json\/wp\/v2\/media?parent=3376"}],"curies":[{"name":"wp","href":"https:\/\/api.w.org\/{rel}","templated":true}]}}