{"id":3364,"date":"2019-07-30T09:17:46","date_gmt":"2019-07-30T09:17:46","guid":{"rendered":"https:\/\/athlongym.gr\/athlon-fitness\/"},"modified":"2025-11-10T14:02:57","modified_gmt":"2025-11-10T14:02:57","slug":"athlon-fitness","status":"publish","type":"page","link":"https:\/\/athlongym.gr\/fr\/","title":{"rendered":"ATHLON GYM"},"content":{"rendered":"\n<div style=\"height:20px\" aria-hidden=\"true\" class=\"wp-block-spacer\"><\/div>\n\n\n\n<h2 class=\"wp-block-heading mt-xl home-text\" style=\"font-size:21px\">Chez Athlon, l&rsquo;exercice devient un mode de vie. Depuis 1992, nous offrons \u00e0 Kavala un espace d\u00e9di\u00e9 au bien-\u00eatre, \u00e0 la force et au d\u00e9veloppement personnel. Ici, chaque entra\u00eenement a un but, chaque membre a son propre parcours et chaque objectif devient r\u00e9alisable.<\/h2>\n\n\n\n<p class=\"buttonfirstpage\"><a href=\"https:\/\/athlongym.gr\/fr\/services\/\">D\u00c9COUVREZ NOS SERVICES<\/a><\/p>\n\n\n\n<p><\/p>\n","protected":false},"excerpt":{"rendered":"<p>Chez Athlon, l&rsquo;exercice devient un mode de vie. Depuis 1992, nous offrons \u00e0 Kavala un espace d\u00e9di\u00e9 au bien-\u00eatre, \u00e0 la force et au d\u00e9veloppement personnel. Ici, chaque entra\u00eenement a un but, chaque membre a son propre parcours et chaque objectif devient r\u00e9alisable. D\u00c9COUVREZ NOS SERVICES<\/p>\n<p><a class=\"moretag\" href=\"https:\/\/athlongym.gr\/fr\/\">Read more<\/a><\/p>\n","protected":false},"author":1,"featured_media":3363,"parent":0,"menu_order":0,"comment_status":"closed","ping_status":"closed","template":"","meta":{"footnotes":""},"class_list":["post-3364","page","type-page","status-publish","has-post-thumbnail","hentry"],"_links":{"self":[{"href":"https:\/\/athlongym.gr\/fr\/wp-json\/wp\/v2\/pages\/3364","targetHints":{"allow":["GET"]}}],"collection":[{"href":"https:\/\/athlongym.gr\/fr\/wp-json\/wp\/v2\/pages"}],"about":[{"href":"https:\/\/athlongym.gr\/fr\/wp-json\/wp\/v2\/types\/page"}],"author":[{"embeddable":true,"href":"https:\/\/athlongym.gr\/fr\/wp-json\/wp\/v2\/users\/1"}],"replies":[{"embeddable":true,"href":"https:\/\/athlongym.gr\/fr\/wp-json\/wp\/v2\/comments?post=3364"}],"version-history":[{"count":3,"href":"https:\/\/athlongym.gr\/fr\/wp-json\/wp\/v2\/pages\/3364\/revisions"}],"predecessor-version":[{"id":3481,"href":"https:\/\/athlongym.gr\/fr\/wp-json\/wp\/v2\/pages\/3364\/revisions\/3481"}],"wp:featuredmedia":[{"embeddable":true,"href":"https:\/\/athlongym.gr\/fr\/wp-json\/wp\/v2\/media\/3363"}],"wp:attachment":[{"href":"https:\/\/athlongym.gr\/fr\/wp-json\/wp\/v2\/media?parent=3364"}],"curies":[{"name":"wp","href":"https:\/\/api.w.org\/{rel}","templated":true}]}}